
{"id":1440,"date":"2023-04-27T04:28:35","date_gmt":"2023-04-27T04:28:35","guid":{"rendered":"https:\/\/hbroen-construction.com\/bedingungen-konditionen\/"},"modified":"2023-06-16T06:30:07","modified_gmt":"2023-06-16T06:30:07","slug":"bedingungen-konditionen","status":"publish","type":"page","link":"https:\/\/hbroen-construction.com\/de\/bedingungen-konditionen\/","title":{"rendered":"Bedingungen &amp; Konditionen"},"content":{"rendered":"\t\t<div data-elementor-type=\"wp-page\" data-elementor-id=\"1440\" class=\"elementor elementor-1440 elementor-878\">\n\t\t\t\t\t\t\t\t\t<section class=\"elementor-section elementor-top-section elementor-element elementor-element-63d26b7 elementor-section-boxed elementor-section-height-default elementor-section-height-default\" data-id=\"63d26b7\" data-element_type=\"section\">\n\t\t\t\t\t\t<div class=\"elementor-container elementor-column-gap-default\">\n\t\t\t\t\t<div class=\"elementor-column elementor-col-100 elementor-top-column elementor-element elementor-element-abc347b\" data-id=\"abc347b\" data-element_type=\"column\">\n\t\t\t<div class=\"elementor-widget-wrap elementor-element-populated\">\n\t\t\t\t\t\t\t\t<div class=\"elementor-element elementor-element-56365de elementor-widget elementor-widget-heading\" data-id=\"56365de\" data-element_type=\"widget\" data-widget_type=\"heading.default\">\n\t\t\t\t<div class=\"elementor-widget-container\">\n\t\t\t<style>\/*! elementor - v3.15.0 - 20-08-2023 *\/\n.elementor-heading-title{padding:0;margin:0;line-height:1}.elementor-widget-heading .elementor-heading-title[class*=elementor-size-]>a{color:inherit;font-size:inherit;line-height:inherit}.elementor-widget-heading .elementor-heading-title.elementor-size-small{font-size:15px}.elementor-widget-heading .elementor-heading-title.elementor-size-medium{font-size:19px}.elementor-widget-heading .elementor-heading-title.elementor-size-large{font-size:29px}.elementor-widget-heading .elementor-heading-title.elementor-size-xl{font-size:39px}.elementor-widget-heading .elementor-heading-title.elementor-size-xxl{font-size:59px}<\/style><h2 class=\"elementor-heading-title elementor-size-default\">Bedingungen und Konditionen<\/h2>\t\t<\/div>\n\t\t\t\t<\/div>\n\t\t\t\t<div class=\"elementor-element elementor-element-a3f7911 elementor-widget elementor-widget-text-editor\" data-id=\"a3f7911\" data-element_type=\"widget\" data-widget_type=\"text-editor.default\">\n\t\t\t\t<div class=\"elementor-widget-container\">\n\t\t\t<style>\/*! elementor - v3.15.0 - 20-08-2023 *\/\n.elementor-widget-text-editor.elementor-drop-cap-view-stacked .elementor-drop-cap{background-color:#69727d;color:#fff}.elementor-widget-text-editor.elementor-drop-cap-view-framed .elementor-drop-cap{color:#69727d;border:3px solid;background-color:transparent}.elementor-widget-text-editor:not(.elementor-drop-cap-view-default) .elementor-drop-cap{margin-top:8px}.elementor-widget-text-editor:not(.elementor-drop-cap-view-default) .elementor-drop-cap-letter{width:1em;height:1em}.elementor-widget-text-editor .elementor-drop-cap{float:left;text-align:center;line-height:1;font-size:50px}.elementor-widget-text-editor .elementor-drop-cap-letter{display:inline-block}<\/style>\t\t\t\t<p><strong>Artikel 1. Allgemeines<\/strong><\/p>\n<p>1.1 Sofern nicht schriftlich etwas anderes vereinbart wurde, gelten diese allgemeinen Gesch\u00e4ftsbedingungen f\u00fcr jedes Angebot und jede Auftragsbest\u00e4tigung, die zwischen der Henri Broen Construction B.V. mit Sitz in Lieskes Wengs 10, 6578JK in Leuth, Niederlande (Handelskammernummer 87451050) und ihrem Auftraggeber geschlossen werden.<\/p>\n<p>Im Falle eines Widerspruchs zwischen diesen allgemeinen Gesch\u00e4ftsbedingungen und einer gesonderten schriftlichen Vereinbarung hat die Letztere Vorrang.<\/p>\n<\/p>\n<p>1.2 Es wird davon ausgegangen, dass der Auftraggeber mit diesen allgemeinen Gesch\u00e4ftsbedingungen vollst\u00e4ndig und unwiderruflich einverstanden ist und sie allein durch die Erteilung eines Auftrags vorbehaltlos akzeptiert. Die Annahme der allgemeinen Gesch\u00e4ftsbedingungen bedeutet, dass der Auftraggeber vollst\u00e4ndig auf die Anwendung seiner eigenen allgemeinen Gesch\u00e4ftsbedingungen verzichtet, sofern diese nicht im Widerspruch zu Henri Broen Construction B.V. stehen.<\/p>\n<\/p>\n<p>1.3 Von den Verkaufsbedingungen kann nur abgewichen werden, wenn Henri Broen Construction B.V. ausdr\u00fccklich schriftlich zugestimmt hat.<\/p>\n<\/p>\n<p>1.4 Sollte eine Bestimmung dieser Allgemeinen Gesch\u00e4ftsbedingungen nicht durchsetzbar sein oder im Widerspruch zum niederl\u00e4ndischen Recht stehen, so ber\u00fchrt dies nicht die G\u00fcltigkeit und Durchsetzbarkeit der \u00fcbrigen Bestimmungen dieser Allgemeinen Gesch\u00e4ftsbedingungen. In diesem Fall wird die strittige Bestimmung durch eine durchsetzbare und g\u00fcltige Bestimmung ersetzt, die dem Zweck der urspr\u00fcnglichen Bestimmung so weit wie m\u00f6glich entspricht.<\/p>\n\t\t\t\t\t\t<\/div>\n\t\t\t\t<\/div>\n\t\t\t\t<div class=\"elementor-element elementor-element-5cc7fe8 elementor-widget elementor-widget-text-editor\" data-id=\"5cc7fe8\" data-element_type=\"widget\" data-widget_type=\"text-editor.default\">\n\t\t\t\t<div class=\"elementor-widget-container\">\n\t\t\t\t\t\t\t<p><strong>Artikel 2. Abschluss von Vereinbarungen<\/strong><\/p>\n<p>2.1 Alle Preislisten, Kostenvoranschl\u00e4ge und Vertragsangebote der Henri Broen Construction B.V. sind unverbindlich. Jeder vom Auftraggeber erteilte Auftrag bindet den Auftraggeber. Die Henri Broen Construction B.V. ist erst nach schriftlicher Best\u00e4tigung oder Annahme des Auftrags gebunden.<\/p>\n<\/p>\n<p>2.2 Alle Preislisten, Angebote und Vertragsvorschl\u00e4ge der Henri Broen Construction B.V. beruhen auf den zu diesem Zeitpunkt geltenden Werten f\u00fcr L\u00f6hne, Materialien und Dienstleistungen. Sollten sich diese \u00e4ndern, beh\u00e4lt sich die Henri Broen Construction B.V. das Recht vor, die Preise anteilig anzupassen.<\/p>\n<\/p>\n<p>2.3 Wenn die Auftragsbest\u00e4tigung der Henri Broen Construction B.V. \u00c4nderungen oder Erg\u00e4nzungen enth\u00e4lt oder in irgendeiner Weise von der urspr\u00fcnglichen Bestellung abweicht, gilt der Vertrag als geschlossen, es sei denn, der K\u00e4ufer erkl\u00e4rt innerhalb von 8 Tagen nach Erhalt der Auftragsbest\u00e4tigung, dass er nicht einverstanden ist.<\/p>\n<\/p>\n<p>2.4 Jede Stornierung einer Bestellung muss schriftlich innerhalb einer Frist von 8 Tagen nach dem Datum der Bestellung erfolgen und ist nur nach schriftlicher Annahme durch Henri Broen Construction B.V. g\u00fcltig.<\/p>\n\t\t\t\t\t\t<\/div>\n\t\t\t\t<\/div>\n\t\t\t\t<div class=\"elementor-element elementor-element-350ef7f elementor-widget elementor-widget-text-editor\" data-id=\"350ef7f\" data-element_type=\"widget\" data-widget_type=\"text-editor.default\">\n\t\t\t\t<div class=\"elementor-widget-container\">\n\t\t\t\t\t\t\t<p><strong>Artikel 3. Preise und Zahlung<\/strong><\/p>\n<p>3.1 Die Waren werden zu den im Angebot (oder in der Auftragsbest\u00e4tigung) genannten Preisen und Bedingungen in Rechnung gestellt. Die von der Henri Broen Construction B.V. angegebenen Preise verstehen sich ausschlie\u00dflich Mehrwertsteuer, Verpackungs-, Transport- und Versicherungskosten, die vollst\u00e4ndig zu Lasten des Auftraggebers gehen, sofern nichts anderes vereinbart wurde.<\/p>\n<\/p>\n<p>3.2 \u00c4nderungen durch den Auftraggeber nach der ersten Bestellung werden nur vorgenommen, wenn (i) die Henri Broen Construction B.V. dem ausdr\u00fccklich schriftlich zugestimmt hat und (ii) der Auftraggeber akzeptiert, dass die Henri Broen Construction B.V. alle zus\u00e4tzlichen Preisanpassungen und Kosten an den Auftraggeber weitergeben kann.<\/p>\n<\/p>\n<p>3.3 Rechnungen m\u00fcssen innerhalb von 8 Tagen nach Versand der Rechnung schriftlich beanstandet werden, andernfalls gelten die Rechnungen als endg\u00fcltig akzeptiert.<\/p>\n<\/p>\n<p>3.4 Sofern nicht anders vereinbart, sind die Rechnungen der Henri Broen Construction B.V. sp\u00e4testens 10 Tage nach Rechnungsdatum auf das in der Rechnung angegebene Bankkonto zu zahlen.<\/p>\n<\/p>\n<p>F\u00fcr die Lieferung von Stahlrahmen gelten die folgenden Zahlungsbedingungen:<\/p>\n<ul>\n<li>Statische Berechnungen und Zeichnungen f\u00fcr &#8222;Warmstahl\/Baustahl&#8220; werden mit der ersten Rechnung in Rechnung gestellt;<\/li>\n<li>20% des Gesamtpreises sind bei Bestellung zu zahlen;<\/li>\n<li>40% des Gesamtpreises sind bei Genehmigung des Entwurfs zu zahlen. Die Begleichung dieser Rechnung gilt gleichzeitig als Genehmigung der Produktionspl\u00e4ne;<\/li>\n<li>40% des Gesamtpreises nach Fertigstellung und vor der Lieferung.<\/li>\n<\/ul>\n<p>3.5 Bei vollst\u00e4ndiger oder teilweiser Nichtbezahlung einer Rechnung am F\u00e4lligkeitstag ist der Kunde automatisch und ohne vorherige Inverzugsetzung in Verzug und schuldet Zinsen auf den unbezahlten Rechnungsbetrag in H\u00f6he von 10 % pro Jahr sowie einen Pauschalbetrag von 12 % des unbezahlten Rechnungsbetrags, unbeschadet des Rechts, einen h\u00f6heren Schaden geltend zu machen, wenn er nachweist, dass der tats\u00e4chlich erlittene Schaden h\u00f6her ist als der Pauschalbetrag von mindestens 500 Euro.<\/p>\n<\/p>\n<p>3.6 Bei vollst\u00e4ndiger oder teilweiser Nichtbezahlung einer Rechnung am F\u00e4lligkeitstag werden alle anderen offenen Forderungen gegen\u00fcber dem Auftraggeber sofort und ohne vorherige Ank\u00fcndigung f\u00e4llig. In diesem Fall beh\u00e4lt sich die Henri Broen Construction B.V. auch das Recht vor, die Erf\u00fcllung des laufenden Vertrags ohne vorherige Ank\u00fcndigung und ohne Entsch\u00e4digung auszusetzen, bis die Henri Broen Construction B.V. eine vollst\u00e4ndige Zahlung (einschlie\u00dflich Zinsen und Kosten) erhalten hat.<\/p>\n<\/p>\n<p>3.7 Wenn die Henri Broen Construction B.V. zu irgendeinem Zeitpunkt Zweifel an der Kreditw\u00fcrdigkeit des Auftraggebers hat, beh\u00e4lt sich die Henri Broen Construction B.V. ausdr\u00fccklich das Recht vor, vor der Lieferung der Waren Vorauszahlung zu verlangen oder andere Sicherheiten zu fordern.<\/p>\n\t\t\t\t\t\t<\/div>\n\t\t\t\t<\/div>\n\t\t\t\t<div class=\"elementor-element elementor-element-9082a38 elementor-widget elementor-widget-text-editor\" data-id=\"9082a38\" data-element_type=\"widget\" data-widget_type=\"text-editor.default\">\n\t\t\t\t<div class=\"elementor-widget-container\">\n\t\t\t\t\t\t\t<p><strong>Artikel 4. Lieferung<\/strong><\/p>\n<p>4.1 Soweit nicht zwingend gesetzlich vorgeschrieben oder ausdr\u00fccklich schriftlich etwas anderes vereinbart ist, dient der Liefertermin nur zur Information und gilt als Richtwert. Er ist daher nicht verbindlich.<\/p>\n<\/p>\n<p>4.2 Die Lieferung der Waren erfolgt an die vom Kunden angegebene Adresse, sofern im Voraus nichts anderes vereinbart wurde.<\/p>\n<\/p>\n<p>4.3 Ein Lieferverzug kann nicht zu einer Vertragsstrafe, einem Schadensersatz, einer Annullierung und\/oder einer Vertragsaufl\u00f6sung f\u00fchren und kann auch nicht als Grund f\u00fcr die Verweigerung der Zahlung und\/oder der geschuldeten Betr\u00e4ge angef\u00fchrt werden.<\/p>\n<\/p>\n<p>4.4 Die Lagerung der Waren bis zur Lieferung oder Abholung erfolgt auf Risiko des Auftraggebers. Die Waren werden in Rechnung gestellt, sobald sie zur Lieferung und\/oder Abholung bereit sind.<\/p>\n<\/p>\n<p>4.5 Der Auftraggeber hat daf\u00fcr Sorge zu tragen, dass die Ware, wenn sie versandbereit ist, unverz\u00fcglich an den Lieferort geliefert und dort gegebenenfalls sicher gelagert werden kann.<\/p>\n<\/p>\n<p>Wenn sich bei der Ankunft am Lieferort herausstellt, dass die Waren nicht (oder nicht sicher) geliefert werden k\u00f6nnen, ist die Henri Broen Construction B.V. berechtigt, unn\u00f6tige Reisekosten in Rechnung zu stellen. Dasselbe gilt, wenn sich die Wartezeit (mehr als 15 Minuten) w\u00e4hrend der Lieferung unn\u00f6tig verl\u00e4ngert.<\/p>\n\t\t\t\t\t\t<\/div>\n\t\t\t\t<\/div>\n\t\t\t\t<div class=\"elementor-element elementor-element-e5ac887 elementor-widget elementor-widget-text-editor\" data-id=\"e5ac887\" data-element_type=\"widget\" data-widget_type=\"text-editor.default\">\n\t\t\t\t<div class=\"elementor-widget-container\">\n\t\t\t\t\t\t\t<p><strong>Artikel 5. Inspektion, Beschwerden und Garantie<br \/><\/strong><\/p>\n<p>5.1 Der Kunde ist verpflichtet, die gelieferte Ware unverz\u00fcglich abzunehmen und zu pr\u00fcfen, ob sie die vereinbarte Beschaffenheit aufweist. Durch die Annahme der Lieferung der bestellten Waren best\u00e4tigt der Kunde, dass die Lieferung gem\u00e4\u00df der Auftragsbest\u00e4tigung vollst\u00e4ndig ist und alle sichtbaren M\u00e4ngel abgedeckt sind.<\/p>\n<\/p>\n<p>5.2 Reklamationen in Bezug auf die gelieferten Waren m\u00fcssen unverz\u00fcglich nach der Lieferung (bei sichtbaren M\u00e4ngeln) oder sp\u00e4testens 7 Tage nach der Lieferung (bei unsichtbaren M\u00e4ngeln) per Einschreiben an die Henri Broen Construction B.V. mit einer deutlichen Beschreibung der Reklamationen sowie unter Angabe der relevanten Informationen (wie Datum und Rechnungsnummer) gemeldet werden, andernfalls kann die Henri Broen Construction B.V. jede Reklamation als unzul\u00e4ssig betrachten.<\/p>\n<\/p>\n<p>5.3 Sofern das Gesetz nicht zwingend etwas anderes vorsieht, besteht die von der Henri Broen Construction B.V. gew\u00e4hrte Garantie nur darin, die als fehlerhaft erkannten Waren nach Wahl der Henri Broen Construction B.V. kostenlos durch identische oder zumindest gleichwertige Waren zu ersetzen oder sie zu reparieren. Die Inanspruchnahme der Garantie kann in keinem Fall zu irgendeiner Form von Schadenersatz f\u00fchren.<\/p>\n<\/p>\n<p>5.4 Die gew\u00e4hrte Garantie erlischt bei unsachgem\u00e4\u00dfem Gebrauch, schlechter Wartung, Ver\u00e4nderung der Ware durch den Kunden, Demontage oder Reparatur durch eine nicht qualifizierte Person.<\/p>\n\t\t\t\t\t\t<\/div>\n\t\t\t\t<\/div>\n\t\t\t\t<div class=\"elementor-element elementor-element-905cade elementor-widget elementor-widget-text-editor\" data-id=\"905cade\" data-element_type=\"widget\" data-widget_type=\"text-editor.default\">\n\t\t\t\t<div class=\"elementor-widget-container\">\n\t\t\t\t\t\t\t<p><strong>Artikel 6. Rechte an geistigem Eigentum<\/strong><\/p>\n<p>6.1 Alle geistigen Eigentumsrechte an den Produkten und\/oder Dienstleistungen sowie an allen Studien, Dokumenten, Zertifikaten, Mustern, Entw\u00fcrfen und allen anderen Materialien, die f\u00fcr die Vorbereitung oder Ausf\u00fchrung des Vertrags zwischen der Henri Broen Construction B.V. und dem Auftraggeber entwickelt und\/oder verwendet werden oder sich daraus ergeben, sind ausschlie\u00dfliches Eigentum der Henri Broen Construction B.V. Die Lieferung von Waren f\u00fchrt nicht zu einer \u00dcbertragung von geistigen Eigentumsrechten.<\/p>\n<\/p>\n<p>6.2 Der Kunde erwirbt nur ein nicht ausschlie\u00dfliches und nicht \u00fcbertragbares Recht, die Waren f\u00fcr die vereinbarten Zwecke zu nutzen. Der Kunde muss sich strikt an die in den Allgemeinen Gesch\u00e4ftsbedingungen festgelegten oder ihm auferlegten Bedingungen halten.<\/p>\n<\/p>\n<p>6.3 Ohne die vorherige schriftliche Zustimmung der Henri Broen Construction B.V. ist es dem Auftraggeber nicht gestattet, die Waren und\/oder Produkte in irgendeiner Weise, weder ganz noch teilweise, an Dritte weiterzugeben, zu vervielf\u00e4ltigen oder zur Verf\u00fcgung zu stellen.<\/p>\n<\/p>\n<p>6.4 Der Auftraggeber darf keine Hinweise der Henri Broen Construction B.V. (oder ihrer Lieferanten) auf Urheberrechte, Marken, Handelsnamen oder andere geistige Eigentumsrechte entfernen oder ver\u00e4ndern.<\/p>\n\t\t\t\t\t\t<\/div>\n\t\t\t\t<\/div>\n\t\t\t\t<div class=\"elementor-element elementor-element-7ec9f8a elementor-widget elementor-widget-text-editor\" data-id=\"7ec9f8a\" data-element_type=\"widget\" data-widget_type=\"text-editor.default\">\n\t\t\t\t<div class=\"elementor-widget-container\">\n\t\t\t\t\t\t\t<p><strong>Artikel 7. Haftung<\/strong><\/p>\n<p>7.1 Sollte die Henri Broen Construction B.V. (einschlie\u00dflich ihrer Mitarbeiter) dem Auftraggeber gegen\u00fcber aus irgendeinem Grund haftbar sein, so haftet die Henri Broen Construction B.V. nur f\u00fcr (materielle und immaterielle) Sch\u00e4den, die durch (i) die Unzul\u00e4nglichkeit der von ihr gelieferten Sachen oder (ii) infolge der Ausf\u00fchrung des Vertrags verursacht werden, soweit der Schaden auf ihr vors\u00e4tzliches oder fahrl\u00e4ssiges Verhalten zur\u00fcckzuf\u00fchren ist. Die Henri Broen Construction B.V. haftet nicht f\u00fcr andere Fehler.<\/p>\n<\/p>\n<p>7.2 Falls die Henri Broen Construction B.V. f\u00fcr einen Schaden haftbar gemacht wird, beschr\u00e4nkt sich die Haftung der Henri Broen Construction B.V. auf den Rechnungswert des Auftrags des Auftraggebers, in jedem Fall aber auf den Teil des Auftrags, auf den sich die Haftung bezieht.<\/p>\n<\/p>\n<p>7.3 Henri Broen Construction B.V. haftet nur f\u00fcr direkte Sch\u00e4den und niemals f\u00fcr indirekte Sch\u00e4den (einschlie\u00dflich, aber nicht beschr\u00e4nkt auf Folgesch\u00e4den, Umsatz-, Verkaufs- oder Gewinnverluste, entgangene Einsparungen, Unverk\u00e4uflichkeit von Waren und Sch\u00e4den an Dritten).<\/p>\n<\/p>\n<p>7.4 Der Auftraggeber sch\u00fctzt die Henri Broen Construction B.V. vor Anspr\u00fcchen Dritter, die im Zusammenhang mit der Ausf\u00fchrung des Vertrags Schaden erleiden und deren Ursache nicht der Henri Broen Construction B.V. zugeschrieben werden kann.<\/p>\n<\/p>\n<p>7.5 Im Falle von h\u00f6herer Gewalt ist die Henri Broen Construction B.V. gegen\u00fcber dem Auftraggeber nicht haftbar und kann die Henri Broen Construction B.V. nicht haftbar gemacht werden. Die vertraglichen Verpflichtungen der Henri Broen Construction B.V. werden ausgesetzt, bis der Fall der h\u00f6heren Gewalt nicht mehr besteht.<\/p>\n<\/p>\n<p>Als h\u00f6here Gewalt gilt jeder Umstand, der die Ausf\u00fchrung oder Lieferung durch die Henri Broen Construction B.V. behindert und auf den das Unternehmen keinen Einfluss hat.<\/p>\n\t\t\t\t\t\t<\/div>\n\t\t\t\t<\/div>\n\t\t\t\t<div class=\"elementor-element elementor-element-a41bf2a elementor-widget elementor-widget-text-editor\" data-id=\"a41bf2a\" data-element_type=\"widget\" data-widget_type=\"text-editor.default\">\n\t\t\t\t<div class=\"elementor-widget-container\">\n\t\t\t\t\t\t\t<p><strong>Artikel 8. Eigentumsvorbehalt<\/strong><\/p>\n<p>8.1 Alle Waren bleiben bis zur vollst\u00e4ndigen Begleichung aller Rechnungsbetr\u00e4ge, einschlie\u00dflich Kosten, Zinsen und Schadensersatz, das uneingeschr\u00e4nkte Eigentum der Henri Broen Construction B.V.<\/p>\n<\/p>\n<p>8.2 Die Gefahr geht jedoch in dem Moment auf den Auftraggeber \u00fcber, in dem die G\u00fcter die Produktionsadresse der Henri Broen Construction B.V. verlassen haben. Ab dem Zeitpunkt der Lieferung ist der Auftraggeber f\u00fcr jede Besch\u00e4digung und Entfremdung dieser G\u00fcter verantwortlich.<\/p>\n\t\t\t\t\t\t<\/div>\n\t\t\t\t<\/div>\n\t\t\t\t<div class=\"elementor-element elementor-element-88dfb58 elementor-widget elementor-widget-text-editor\" data-id=\"88dfb58\" data-element_type=\"widget\" data-widget_type=\"text-editor.default\">\n\t\t\t\t<div class=\"elementor-widget-container\">\n\t\t\t\t\t\t\t<p><strong>Artikel 9. Beendigung<\/strong><\/p>\n<p>9.1 Die Henri Broen Construction B.V. hat das Recht, den Vertrag mit dem Auftraggeber in den folgenden F\u00e4llen jederzeit mit sofortiger Wirkung, ohne gerichtliche Genehmigung oder vorherige Ank\u00fcndigung und ohne Zahlung einer Entsch\u00e4digung zu k\u00fcndigen:<\/p>\n<\/p>\n<ul>\n<li>Wenn der Kunde trotz schriftlicher Inverzugsetzung eine oder mehrere Verpflichtungen aus dem Vertrag (insbesondere die Zahlung von Rechnungen) nicht rechtzeitig und ordnungsgem\u00e4\u00df erf\u00fcllt;<\/li>\n<li>Bei Nichtzahlung oder (Antrag auf) Konkurs oder Zahlungsaufschub durch den Kunden;<\/li>\n<li>Im Falle der Liquidation oder Einstellung der T\u00e4tigkeit des Auftraggebers;<\/li>\n<li>Wenn der Auftraggeber eine vorherige Zahlung verweigert (mit Ausnahme der von der Henri Broen Construction B.V. geforderten Sicherheiten);<\/li>\n<li>Wenn die Henri Broen Construction B.V. begr\u00fcndete Zweifel daran hat, dass der Auftraggeber seine Verpflichtungen gegen\u00fcber der Henri Broen Construction B.V. erf\u00fcllen wird.<\/li>\n<\/ul>\n<p>9.2 Im Falle einer K\u00fcndigung hat die Henri Broen Construction B.V. au\u00dferdem Anspruch auf eine Entsch\u00e4digung in H\u00f6he von 10 % des Rechnungsbetrags und der bereits geleisteten Vorsch\u00fcsse als Entsch\u00e4digung f\u00fcr die Kosten, Zinsen, den entgangenen Gewinn und den Schaden, den die Henri Broen Construction B.V. erlitten hat, unbeschadet des Rechts der Henri Broen Construction B.V., eine Entsch\u00e4digung f\u00fcr einen eventuell h\u00f6heren Schaden zu fordern, und alle Forderungen der Henri Broen Construction B.V. gegen\u00fcber dem Auftraggeber werden sofort f\u00e4llig und zahlbar.<\/p>\n\t\t\t\t\t\t<\/div>\n\t\t\t\t<\/div>\n\t\t\t\t<div class=\"elementor-element elementor-element-2bf1f1f elementor-widget elementor-widget-text-editor\" data-id=\"2bf1f1f\" data-element_type=\"widget\" data-widget_type=\"text-editor.default\">\n\t\t\t\t<div class=\"elementor-widget-container\">\n\t\t\t\t\t\t\t<p><strong>Artikel 10. Anwendbares Recht und zust\u00e4ndige Gerichte<\/strong><\/p>\n<p>10.1 Auf alle Vertr\u00e4ge, f\u00fcr die diese Allgemeinen Gesch\u00e4ftsbedingungen gelten, findet ausschlie\u00dflich niederl\u00e4ndisches Recht Anwendung.<\/p>\n<\/p>\n<p>10.2 Sofern das Gesetz nicht zwingend etwas anderes vorschreibt, sind f\u00fcr alle Streitigkeiten zwischen den Parteien in Bezug auf Vertr\u00e4ge, die diesen allgemeinen Gesch\u00e4ftsbedingungen unterliegen, ausschlie\u00dflich die Gerichte in Nijmegen zust\u00e4ndig.<\/p>\n\t\t\t\t\t\t<\/div>\n\t\t\t\t<\/div>\n\t\t\t\t\t<\/div>\n\t\t<\/div>\n\t\t\t\t\t\t\t<\/div>\n\t\t<\/section>\n\t\t\t\t\t\t\t<\/div>\n\t\t","protected":false},"excerpt":{"rendered":"<p>Bedingungen und Konditionen Artikel 1. Allgemeines 1.1 Sofern nicht schriftlich etwas anderes vereinbart wurde, gelten diese allgemeinen Gesch\u00e4ftsbedingungen f\u00fcr jedes Angebot und jede Auftragsbest\u00e4tigung, die zwischen der Henri Broen Construction B.V. mit Sitz in Lieskes Wengs 10, 6578JK in Leuth, Niederlande (Handelskammernummer 87451050) und ihrem Auftraggeber geschlossen werden. Im Falle eines Widerspruchs zwischen diesen allgemeinen [&hellip;]<\/p>\n","protected":false},"author":1,"featured_media":0,"parent":0,"menu_order":0,"comment_status":"closed","ping_status":"closed","template":"elementor_header_footer","meta":{"om_disable_all_campaigns":false,"_monsterinsights_skip_tracking":false,"_monsterinsights_sitenote_active":false,"_monsterinsights_sitenote_note":"","_monsterinsights_sitenote_category":0,"footnotes":""},"class_list":["post-1440","page","type-page","status-publish","hentry"],"acf":[],"aioseo_notices":[],"_links":{"self":[{"href":"https:\/\/hbroen-construction.com\/de\/wp-json\/wp\/v2\/pages\/1440","targetHints":{"allow":["GET"]}}],"collection":[{"href":"https:\/\/hbroen-construction.com\/de\/wp-json\/wp\/v2\/pages"}],"about":[{"href":"https:\/\/hbroen-construction.com\/de\/wp-json\/wp\/v2\/types\/page"}],"author":[{"embeddable":true,"href":"https:\/\/hbroen-construction.com\/de\/wp-json\/wp\/v2\/users\/1"}],"replies":[{"embeddable":true,"href":"https:\/\/hbroen-construction.com\/de\/wp-json\/wp\/v2\/comments?post=1440"}],"version-history":[{"count":1,"href":"https:\/\/hbroen-construction.com\/de\/wp-json\/wp\/v2\/pages\/1440\/revisions"}],"predecessor-version":[{"id":1441,"href":"https:\/\/hbroen-construction.com\/de\/wp-json\/wp\/v2\/pages\/1440\/revisions\/1441"}],"wp:attachment":[{"href":"https:\/\/hbroen-construction.com\/de\/wp-json\/wp\/v2\/media?parent=1440"}],"curies":[{"name":"wp","href":"https:\/\/api.w.org\/{rel}","templated":true}]}}